{"id":18,"date":"2024-07-13T10:59:31","date_gmt":"2024-07-13T10:59:31","guid":{"rendered":"https:\/\/pietraspogrzeby.pl\/?page_id=18"},"modified":"2024-07-18T16:29:40","modified_gmt":"2024-07-18T16:29:40","slug":"uslugi-pogrzebowe","status":"publish","type":"page","link":"https:\/\/pietraspogrzeby.pl\/","title":{"rendered":"Us\u0142ugi Pogrzebowe"},"content":{"rendered":"\t\t<div data-elementor-type=\"wp-page\" data-elementor-id=\"18\" class=\"elementor elementor-18\">\n\t\t\t\t\t\t<section class=\"elementor-section elementor-top-section elementor-element elementor-element-4dd43fa8 elementor-section-height-min-height elementor-section-boxed elementor-section-height-default elementor-section-items-middle\" data-id=\"4dd43fa8\" data-element_type=\"section\" data-e-type=\"section\" data-settings=\"{&quot;background_background&quot;:&quot;classic&quot;}\">\n\t\t\t\t\t\t\t<div class=\"elementor-background-overlay\"><\/div>\n\t\t\t\t\t\t\t<div class=\"elementor-container elementor-column-gap-no\">\n\t\t\t\t\t<div class=\"elementor-column elementor-col-100 elementor-top-column elementor-element elementor-element-1278f6b0\" data-id=\"1278f6b0\" data-element_type=\"column\" data-e-type=\"column\">\n\t\t\t<div class=\"elementor-widget-wrap elementor-element-populated\">\n\t\t\t\t\t\t<div class=\"elementor-element elementor-element-12f68cd2 elementor-widget__width-initial elementor-widget elementor-widget-image\" data-id=\"12f68cd2\" data-element_type=\"widget\" data-e-type=\"widget\" data-widget_type=\"image.default\">\n\t\t\t\t<div class=\"elementor-widget-container\">\n\t\t\t\t\t\t\t\t\t\t\t\t\t\t\t<img fetchpriority=\"high\" decoding=\"async\" width=\"990\" height=\"100\" src=\"https:\/\/pietraspogrzeby.pl\/wp-content\/uploads\/2024\/07\/header-object.png\" class=\"attachment-large size-large wp-image-123\" alt=\"\" srcset=\"https:\/\/pietraspogrzeby.pl\/wp-content\/uploads\/2024\/07\/header-object.png 990w, https:\/\/pietraspogrzeby.pl\/wp-content\/uploads\/2024\/07\/header-object-300x30.png 300w, https:\/\/pietraspogrzeby.pl\/wp-content\/uploads\/2024\/07\/header-object-768x78.png 768w\" sizes=\"(max-width: 990px) 100vw, 990px\" \/>\t\t\t\t\t\t\t\t\t\t\t\t\t\t\t<\/div>\n\t\t\t\t<\/div>\n\t\t\t\t<div class=\"elementor-element elementor-element-777c9847 elementor-widget elementor-widget-heading\" data-id=\"777c9847\" data-element_type=\"widget\" data-e-type=\"widget\" data-widget_type=\"heading.default\">\n\t\t\t\t<div class=\"elementor-widget-container\">\n\t\t\t\t\t<h2 class=\"elementor-heading-title elementor-size-default\">Piotr Pietras<\/h2>\t\t\t\t<\/div>\n\t\t\t\t<\/div>\n\t\t\t\t<div class=\"elementor-element elementor-element-34e480af elementor-widget elementor-widget-heading\" data-id=\"34e480af\" data-element_type=\"widget\" data-e-type=\"widget\" data-widget_type=\"heading.default\">\n\t\t\t\t<div class=\"elementor-widget-container\">\n\t\t\t\t\t<h1 class=\"elementor-heading-title elementor-size-default\">Stolarstwo i Us\u0142ugi Pogrzebowe \u017bnin<br>Produkcja trumien i nagrobk\u00f3w<\/h1>\t\t\t\t<\/div>\n\t\t\t\t<\/div>\n\t\t\t\t\t<\/div>\n\t\t<\/div>\n\t\t\t\t\t<\/div>\n\t\t<\/section>\n\t\t\t\t<section class=\"elementor-section elementor-top-section elementor-element elementor-element-2381d069 elementor-section-boxed elementor-section-height-default elementor-section-height-default\" data-id=\"2381d069\" data-element_type=\"section\" data-e-type=\"section\" data-settings=\"{&quot;background_background&quot;:&quot;classic&quot;}\">\n\t\t\t\t\t\t<div class=\"elementor-container elementor-column-gap-default\">\n\t\t\t\t\t<div class=\"elementor-column elementor-col-100 elementor-top-column elementor-element elementor-element-6a048a8d\" data-id=\"6a048a8d\" data-element_type=\"column\" data-e-type=\"column\" data-settings=\"{&quot;background_background&quot;:&quot;classic&quot;}\">\n\t\t\t<div class=\"elementor-widget-wrap elementor-element-populated\">\n\t\t\t\t\t<div class=\"elementor-background-overlay\"><\/div>\n\t\t\t\t\t\t<section class=\"elementor-section elementor-inner-section elementor-element elementor-element-4403d56 elementor-section-boxed elementor-section-height-default elementor-section-height-default\" data-id=\"4403d56\" data-element_type=\"section\" data-e-type=\"section\">\n\t\t\t\t\t\t<div class=\"elementor-container elementor-column-gap-default\">\n\t\t\t\t\t<div class=\"elementor-column elementor-col-100 elementor-inner-column elementor-element elementor-element-e6cd9f9\" data-id=\"e6cd9f9\" data-element_type=\"column\" data-e-type=\"column\">\n\t\t\t<div class=\"elementor-widget-wrap elementor-element-populated\">\n\t\t\t\t\t\t<div class=\"elementor-element elementor-element-65c10d8 elementor-widget elementor-widget-heading\" data-id=\"65c10d8\" data-element_type=\"widget\" data-e-type=\"widget\" data-widget_type=\"heading.default\">\n\t\t\t\t<div class=\"elementor-widget-container\">\n\t\t\t\t\t<h2 class=\"elementor-heading-title elementor-size-default\">O nas<\/h2>\t\t\t\t<\/div>\n\t\t\t\t<\/div>\n\t\t\t\t<div class=\"elementor-element elementor-element-fb10396 elementor-widget__width-initial elementor-widget elementor-widget-text-editor\" data-id=\"fb10396\" data-element_type=\"widget\" data-e-type=\"widget\" data-widget_type=\"text-editor.default\">\n\t\t\t\t<div class=\"elementor-widget-container\">\n\t\t\t\t\t\t\t\t\t<p class=\"l-list__title\"><span style=\"font-size: 12.6px; color: #4e5156;\">Nasz zak\u0142ad to firma rodzinna, z wieloletnim do\u015bwiadczeniem. Produkcj\u0105 trumien zajmujemy si\u0119 od ponad 100 lat.<\/span><\/p>\n<div class=\"main-page-content\">\n<p>Wtedy to Jan Pietras (ur. 1887 r.) kupi\u0142 nieruchomo\u015b\u0107 przy Placu Wolno\u015bci w \u017bninie i otworzy\u0142 zak\u0142ad stolarski specjalizuj\u0105cy si\u0119 wyrobem mebli i trumien.<\/p>\n<p>Po jego \u015bmierci fach przej\u0105\u0142 jego syn Stanis\u0142aw (ur. 1917 r.), nast\u0119pnie syn Stanis\u0142awa, W\u0142adys\u0142aw (ur. 1949r.).<br>Obecnie w\u0142a\u015bcicielem firmy jest Piotr Pietras, syn W\u0142adys\u0142awa \u2013 czwarte pokolenie w tej samej bran\u017cy, oraz tym samym miejscu.<\/p>\n<p>Przez te wszystkie lata firma ca\u0142y czas si\u0119 rozwija\u0142a. Na chwile&nbsp;obecn\u0105 oferujemy Pa\u0144stwu kompleksowe Us\u0142ugi Pogrzebowe zaczynaj\u0105c od organizacji i obs\u0142ugi pogrzebu po sprzeda\u017c trumien, pomnik\u00f3w&nbsp;oraz organizacje stypy.<\/p>\n<\/div>\t\t\t\t\t\t\t\t<\/div>\n\t\t\t\t<\/div>\n\t\t\t\t<div class=\"elementor-element elementor-element-91e4808 elementor-widget-divider--view-line elementor-widget elementor-widget-divider\" data-id=\"91e4808\" data-element_type=\"widget\" data-e-type=\"widget\" data-widget_type=\"divider.default\">\n\t\t\t\t<div class=\"elementor-widget-container\">\n\t\t\t\t\t\t\t<div class=\"elementor-divider\">\n\t\t\t<span class=\"elementor-divider-separator\">\n\t\t\t\t\t\t<\/span>\n\t\t<\/div>\n\t\t\t\t\t\t<\/div>\n\t\t\t\t<\/div>\n\t\t\t\t\t<\/div>\n\t\t<\/div>\n\t\t\t\t\t<\/div>\n\t\t<\/section>\n\t\t\t\t<section class=\"elementor-section elementor-inner-section elementor-element elementor-element-e561ee3 elementor-section-boxed elementor-section-height-default elementor-section-height-default\" data-id=\"e561ee3\" data-element_type=\"section\" data-e-type=\"section\">\n\t\t\t\t\t\t<div class=\"elementor-container elementor-column-gap-default\">\n\t\t\t\t\t<div class=\"elementor-column elementor-col-100 elementor-inner-column elementor-element elementor-element-6e41abe\" data-id=\"6e41abe\" data-element_type=\"column\" data-e-type=\"column\">\n\t\t\t<div class=\"elementor-widget-wrap elementor-element-populated\">\n\t\t\t\t\t\t<div class=\"elementor-element elementor-element-50b97182 elementor-widget elementor-widget-heading\" data-id=\"50b97182\" data-element_type=\"widget\" data-e-type=\"widget\" data-widget_type=\"heading.default\">\n\t\t\t\t<div class=\"elementor-widget-container\">\n\t\t\t\t\t<h2 class=\"elementor-heading-title elementor-size-default\">Oferujemy Pa\u0144stwu\n<\/h2>\t\t\t\t<\/div>\n\t\t\t\t<\/div>\n\t\t\t\t<div class=\"elementor-element elementor-element-6cd163f6 elementor-widget elementor-widget-text-editor\" data-id=\"6cd163f6\" data-element_type=\"widget\" data-e-type=\"widget\" data-widget_type=\"text-editor.default\">\n\t\t\t\t<div class=\"elementor-widget-container\">\n\t\t\t\t\t\t\t\t\t<ul><li>kompleksow\u0105 i godn\u0105 organizacj\u0119 oraz obs\u0142ug\u0119 pogrzeb\u00f3w waszych bliskich<\/li><li>za\u0142atwianie wszelkich formalno\u015bci w urz\u0119dach i na cmentarzach<\/li><li>ca\u0142odobowy przew\u00f3z zmar\u0142ych z mieszka\u0144 i hospicj\u00f3w<\/li><li>profesjonaln\u0105 pomoc i doradztwo w wyborze miejsca na cmentarzu<\/li><li>mo\u017cliwo\u015b\u0107 za\u0142atwienia wszelkich formalno\u015bci w domu u klienta<\/li><li>kremacje, ekshumacje<\/li><li>nekrologi<\/li><li>sale po\u017cegna\u0144 zmar\u0142ego, konsolacje \/ spotkania rodziny<\/li><li>opraw\u0119 muzyczn\u0105 ceremonii pogrzebowej (organy, skrzypce, tr\u0105bki)<\/li><li>wie\u0144ce, wi\u0105zanki, bukiety i inne kompozycje florystyczne<\/li><li>wyp\u0142ata zasi\u0142ku pogrzebowego od r\u0119ki ZUS, KRUS, MSWiA<\/li><li>w przypadku os\u00f3b nieubezpieczonych mo\u017cliwo\u015b\u0107 roz\u0142o\u017cenia koszt\u00f3w pogrzebu na raty<\/li><\/ul>\t\t\t\t\t\t\t\t<\/div>\n\t\t\t\t<\/div>\n\t\t\t\t<div class=\"elementor-element elementor-element-14c5b763 elementor-widget-divider--view-line elementor-widget elementor-widget-divider\" data-id=\"14c5b763\" data-element_type=\"widget\" data-e-type=\"widget\" data-widget_type=\"divider.default\">\n\t\t\t\t<div class=\"elementor-widget-container\">\n\t\t\t\t\t\t\t<div class=\"elementor-divider\">\n\t\t\t<span class=\"elementor-divider-separator\">\n\t\t\t\t\t\t<\/span>\n\t\t<\/div>\n\t\t\t\t\t\t<\/div>\n\t\t\t\t<\/div>\n\t\t\t\t\t<\/div>\n\t\t<\/div>\n\t\t\t\t\t<\/div>\n\t\t<\/section>\n\t\t\t\t<section class=\"elementor-section elementor-inner-section elementor-element elementor-element-f1bdd90 elementor-section-boxed elementor-section-height-default elementor-section-height-default\" data-id=\"f1bdd90\" data-element_type=\"section\" data-e-type=\"section\">\n\t\t\t\t\t\t<div class=\"elementor-container elementor-column-gap-default\">\n\t\t\t\t\t<div class=\"elementor-column elementor-col-100 elementor-inner-column elementor-element elementor-element-ac79852\" data-id=\"ac79852\" data-element_type=\"column\" data-e-type=\"column\">\n\t\t\t<div class=\"elementor-widget-wrap elementor-element-populated\">\n\t\t\t\t\t\t<div class=\"elementor-element elementor-element-3791c4d elementor-widget elementor-widget-heading\" data-id=\"3791c4d\" data-element_type=\"widget\" data-e-type=\"widget\" data-widget_type=\"heading.default\">\n\t\t\t\t<div class=\"elementor-widget-container\">\n\t\t\t\t\t<h2 class=\"elementor-heading-title elementor-size-default\">Pomagamy w organizacji styp:\n<\/h2>\t\t\t\t<\/div>\n\t\t\t\t<\/div>\n\t\t\t\t<div class=\"elementor-element elementor-element-1aecc36 elementor-widget__width-initial elementor-widget elementor-widget-text-editor\" data-id=\"1aecc36\" data-element_type=\"widget\" data-e-type=\"widget\" data-widget_type=\"text-editor.default\">\n\t\t\t\t<div class=\"elementor-widget-container\">\n\t\t\t\t\t\t\t\t\t<p class=\"l-list__title\">Pomo\u017cemy wybra\u0107 lokal, kt\u00f3ry b\u0119dzie Pa\u0144stwu odpowiada\u0142 zar\u00f3wno pod wzgl\u0119dem lokalizacji jak r\u00f3wnie\u017c odpowiedniego menu oraz wystroju i atmosfery. Podzielimy si\u0119 wieloletnimi do\u015bwiadczeniami w zakresie organizacji pocz\u0119stunku na terenie \u017bnina jak i poza nim. Je\u017celi takie b\u0119dzie \u017cyczenie \u2013 w Pa\u0144stwa imieniu wybierzemy menu i zarezerwujemy restauracj\u0119 spo\u015br\u00f3d sprawdzonych i polecanych przez nas lub wskazan\u0105 przez Pa\u0144stwa.<\/p>\t\t\t\t\t\t\t\t<\/div>\n\t\t\t\t<\/div>\n\t\t\t\t<div class=\"elementor-element elementor-element-c386cc8 elementor-widget-divider--view-line elementor-widget elementor-widget-divider\" data-id=\"c386cc8\" data-element_type=\"widget\" data-e-type=\"widget\" data-widget_type=\"divider.default\">\n\t\t\t\t<div class=\"elementor-widget-container\">\n\t\t\t\t\t\t\t<div class=\"elementor-divider\">\n\t\t\t<span class=\"elementor-divider-separator\">\n\t\t\t\t\t\t<\/span>\n\t\t<\/div>\n\t\t\t\t\t\t<\/div>\n\t\t\t\t<\/div>\n\t\t\t\t\t<\/div>\n\t\t<\/div>\n\t\t\t\t\t<\/div>\n\t\t<\/section>\n\t\t\t\t<section class=\"elementor-section elementor-inner-section elementor-element elementor-element-ae6d756 elementor-section-boxed elementor-section-height-default elementor-section-height-default\" data-id=\"ae6d756\" data-element_type=\"section\" data-e-type=\"section\">\n\t\t\t\t\t\t<div class=\"elementor-container elementor-column-gap-default\">\n\t\t\t\t\t<div class=\"elementor-column elementor-col-100 elementor-inner-column elementor-element elementor-element-fe5c2e8\" data-id=\"fe5c2e8\" data-element_type=\"column\" data-e-type=\"column\">\n\t\t\t<div class=\"elementor-widget-wrap elementor-element-populated\">\n\t\t\t\t\t\t<div class=\"elementor-element elementor-element-57a8c60 elementor-widget elementor-widget-heading\" data-id=\"57a8c60\" data-element_type=\"widget\" data-e-type=\"widget\" data-widget_type=\"heading.default\">\n\t\t\t\t<div class=\"elementor-widget-container\">\n\t\t\t\t\t<h2 class=\"elementor-heading-title elementor-size-default\">Sprzeda\u017c<\/h2>\t\t\t\t<\/div>\n\t\t\t\t<\/div>\n\t\t\t\t<div class=\"elementor-element elementor-element-62ed3aa elementor-widget__width-initial elementor-widget elementor-widget-text-editor\" data-id=\"62ed3aa\" data-element_type=\"widget\" data-e-type=\"widget\" data-widget_type=\"text-editor.default\">\n\t\t\t\t<div class=\"elementor-widget-container\">\n\t\t\t\t\t\t\t\t\t<ul><li>trumien, urn, nagrobk\u00f3w granitowych i akcesori\u00f3w pogrzebowych<\/li><li>drewniane obudowy na gr\u00f3b<\/li><li>konkurencyjne ceny \u2013 w\u0142asny zak\u0142ad stolarski i kamieniarski<\/li><\/ul>\t\t\t\t\t\t\t\t<\/div>\n\t\t\t\t<\/div>\n\t\t\t\t<div class=\"elementor-element elementor-element-9106352 elementor-widget-divider--view-line elementor-widget elementor-widget-divider\" data-id=\"9106352\" data-element_type=\"widget\" data-e-type=\"widget\" data-widget_type=\"divider.default\">\n\t\t\t\t<div class=\"elementor-widget-container\">\n\t\t\t\t\t\t\t<div class=\"elementor-divider\">\n\t\t\t<span class=\"elementor-divider-separator\">\n\t\t\t\t\t\t<\/span>\n\t\t<\/div>\n\t\t\t\t\t\t<\/div>\n\t\t\t\t<\/div>\n\t\t\t\t\t<\/div>\n\t\t<\/div>\n\t\t\t\t\t<\/div>\n\t\t<\/section>\n\t\t\t\t\t<\/div>\n\t\t<\/div>\n\t\t\t\t\t<\/div>\n\t\t<\/section>\n\t\t<div class=\"elementor-element elementor-element-6c56a77 e-flex e-con-boxed e-con e-parent\" data-id=\"6c56a77\" data-element_type=\"container\" data-e-type=\"container\">\n\t\t\t\t\t<div class=\"e-con-inner\">\n\t\t\t\t\t<\/div>\n\t\t\t\t<\/div>\n\t\t\t\t<section class=\"elementor-section elementor-top-section elementor-element elementor-element-5a8b75cb elementor-section-boxed elementor-section-height-default elementor-section-height-default\" data-id=\"5a8b75cb\" data-element_type=\"section\" data-e-type=\"section\" data-settings=\"{&quot;background_background&quot;:&quot;classic&quot;,&quot;shape_divider_top&quot;:&quot;split&quot;}\">\n\t\t\t\t\t<div class=\"elementor-shape elementor-shape-top\" aria-hidden=\"true\" data-negative=\"false\">\n\t\t\t<svg xmlns=\"http:\/\/www.w3.org\/2000\/svg\" viewBox=\"0 0 1000 20\" preserveAspectRatio=\"none\">\n\t<path class=\"elementor-shape-fill\" d=\"M0,0v3c0,0,393.8,0,483.4,0c9.2,0,16.6,7.4,16.6,16.6c0-9.1,7.4-16.6,16.6-16.6C606.2,3,1000,3,1000,3V0H0z\"\/>\n<\/svg>\t\t<\/div>\n\t\t\t\t\t<div class=\"elementor-container elementor-column-gap-default\">\n\t\t\t\t\t<div class=\"elementor-column elementor-col-100 elementor-top-column elementor-element elementor-element-44b010be\" data-id=\"44b010be\" data-element_type=\"column\" data-e-type=\"column\">\n\t\t\t<div class=\"elementor-widget-wrap elementor-element-populated\">\n\t\t\t\t\t\t<div class=\"elementor-element elementor-element-49f9d9f7 elementor-widget elementor-widget-spacer\" data-id=\"49f9d9f7\" data-element_type=\"widget\" data-e-type=\"widget\" data-widget_type=\"spacer.default\">\n\t\t\t\t<div class=\"elementor-widget-container\">\n\t\t\t\t\t\t\t<div class=\"elementor-spacer\">\n\t\t\t<div class=\"elementor-spacer-inner\"><\/div>\n\t\t<\/div>\n\t\t\t\t\t\t<\/div>\n\t\t\t\t<\/div>\n\t\t\t\t<section class=\"elementor-section elementor-inner-section elementor-element elementor-element-7e6f6044 elementor-section-full_width elementor-section-height-default elementor-section-height-default\" data-id=\"7e6f6044\" data-element_type=\"section\" data-e-type=\"section\" data-settings=\"{&quot;background_background&quot;:&quot;classic&quot;}\">\n\t\t\t\t\t\t<div class=\"elementor-container elementor-column-gap-default\">\n\t\t\t\t\t<div class=\"elementor-column elementor-col-100 elementor-inner-column elementor-element elementor-element-6fde197\" data-id=\"6fde197\" data-element_type=\"column\" data-e-type=\"column\" data-settings=\"{&quot;background_background&quot;:&quot;classic&quot;}\">\n\t\t\t<div class=\"elementor-widget-wrap elementor-element-populated\">\n\t\t\t\t\t<div class=\"elementor-background-overlay\"><\/div>\n\t\t\t\t\t\t<div class=\"elementor-element elementor-element-7027690c elementor-widget elementor-widget-heading\" data-id=\"7027690c\" data-element_type=\"widget\" data-e-type=\"widget\" data-widget_type=\"heading.default\">\n\t\t\t\t<div class=\"elementor-widget-container\">\n\t\t\t\t\t<h2 class=\"elementor-heading-title elementor-size-default\">Zapraszamy do kontaktu ca\u0142\u0105 dob\u0119, 7 dni w tygodniu.<\/h2>\t\t\t\t<\/div>\n\t\t\t\t<\/div>\n\t\t\t\t<div class=\"elementor-element elementor-element-7f195099 elementor-widget__width-initial elementor-widget elementor-widget-heading\" data-id=\"7f195099\" data-element_type=\"widget\" data-e-type=\"widget\" data-widget_type=\"heading.default\">\n\t\t\t\t<div class=\"elementor-widget-container\">\n\t\t\t\t\t<h2 class=\"elementor-heading-title elementor-size-default\">STOLARSTWO I US\u0141UGI POGRZEBOWE<br>\n\nPIOTR PIETRAS<br>\nPl. Wolno\u015bci 15\/4<br>\n\n88-400 \u017bNIN<br>\n\nNIP: 562-101-71-52<br>\n\nTelefon stacjonarny: +48 52 30 22 031<br>\n\nTelefon kom\u00f3rkowy: +48 509 917 648<br>\n\nNumer konta:<br>\n\n62 1160 2202 0000 0001 8518 9372<\/h2>\t\t\t\t<\/div>\n\t\t\t\t<\/div>\n\t\t\t\t<div class=\"elementor-element elementor-element-0e471b9 elementor-widget__width-initial elementor-widget elementor-widget-google_maps\" data-id=\"0e471b9\" data-element_type=\"widget\" data-e-type=\"widget\" data-widget_type=\"google_maps.default\">\n\t\t\t\t<div class=\"elementor-widget-container\">\n\t\t\t\t\t\t\t<div class=\"elementor-custom-embed\">\n\t\t\t<iframe loading=\"lazy\"\n\t\t\t\t\tsrc=\"https:\/\/maps.google.com\/maps?q=Parkowa%202%2C%20%C5%BBnin%2C%20Polska&#038;t=m&#038;z=18&#038;output=embed&#038;iwloc=near\"\n\t\t\t\t\ttitle=\"Parkowa 2, \u017bnin, Polska\"\n\t\t\t\t\taria-label=\"Parkowa 2, \u017bnin, Polska\"\n\t\t\t><\/iframe>\n\t\t<\/div>\n\t\t\t\t\t\t<\/div>\n\t\t\t\t<\/div>\n\t\t\t\t\t<\/div>\n\t\t<\/div>\n\t\t\t\t\t<\/div>\n\t\t<\/section>\n\t\t\t\t\t<\/div>\n\t\t<\/div>\n\t\t\t\t\t<\/div>\n\t\t<\/section>\n\t\t<div class=\"elementor-element elementor-element-bdcedf1 e-flex e-con-boxed e-con e-parent\" data-id=\"bdcedf1\" data-element_type=\"container\" data-e-type=\"container\">\n\t\t\t\t\t<div class=\"e-con-inner\">\n\t\t\t\t\t<\/div>\n\t\t\t\t<\/div>\n\t\t\t\t<\/div>\n\t\t","protected":false},"excerpt":{"rendered":"<p>Piotr Pietras Stolarstwo i Us\u0142ugi Pogrzebowe \u017bninProdukcja trumien i nagrobk\u00f3w O nas Nasz zak\u0142ad to firma rodzinna, z wieloletnim do\u015bwiadczeniem. Produkcj\u0105 trumien zajmujemy si\u0119 od ponad 100 lat. Wtedy to Jan Pietras (ur. 1887 r.) kupi\u0142 nieruchomo\u015b\u0107 przy Placu Wolno\u015bci w \u017bninie i otworzy\u0142 zak\u0142ad stolarski specjalizuj\u0105cy si\u0119 wyrobem mebli i trumien. Po jego \u015bmierci [&hellip;]<\/p>\n","protected":false},"author":1,"featured_media":0,"parent":0,"menu_order":0,"comment_status":"closed","ping_status":"closed","template":"","meta":{"om_disable_all_campaigns":false,"_monsterinsights_skip_tracking":false,"_monsterinsights_sitenote_active":false,"_monsterinsights_sitenote_note":"","_monsterinsights_sitenote_category":0,"_uf_show_specific_survey":0,"_uf_disable_surveys":false,"ocean_post_layout":"full-screen","ocean_both_sidebars_style":"","ocean_both_sidebars_content_width":0,"ocean_both_sidebars_sidebars_width":0,"ocean_sidebar":"","ocean_second_sidebar":"","ocean_disable_margins":"enable","ocean_add_body_class":"","ocean_shortcode_before_top_bar":"","ocean_shortcode_after_top_bar":"","ocean_shortcode_before_header":"","ocean_shortcode_after_header":"","ocean_has_shortcode":"","ocean_shortcode_after_title":"","ocean_shortcode_before_footer_widgets":"","ocean_shortcode_after_footer_widgets":"","ocean_shortcode_before_footer_bottom":"","ocean_shortcode_after_footer_bottom":"","ocean_display_top_bar":"off","ocean_display_header":"off","ocean_header_style":"","ocean_center_header_left_menu":"","ocean_custom_header_template":"","ocean_custom_logo":0,"ocean_custom_retina_logo":0,"ocean_custom_logo_max_width":0,"ocean_custom_logo_tablet_max_width":0,"ocean_custom_logo_mobile_max_width":0,"ocean_custom_logo_max_height":0,"ocean_custom_logo_tablet_max_height":0,"ocean_custom_logo_mobile_max_height":0,"ocean_header_custom_menu":"","ocean_menu_typo_font_family":"","ocean_menu_typo_font_subset":"","ocean_menu_typo_font_size":0,"ocean_menu_typo_font_size_tablet":0,"ocean_menu_typo_font_size_mobile":0,"ocean_menu_typo_font_size_unit":"px","ocean_menu_typo_font_weight":"","ocean_menu_typo_font_weight_tablet":"","ocean_menu_typo_font_weight_mobile":"","ocean_menu_typo_transform":"","ocean_menu_typo_transform_tablet":"","ocean_menu_typo_transform_mobile":"","ocean_menu_typo_line_height":0,"ocean_menu_typo_line_height_tablet":0,"ocean_menu_typo_line_height_mobile":0,"ocean_menu_typo_line_height_unit":"","ocean_menu_typo_spacing":0,"ocean_menu_typo_spacing_tablet":0,"ocean_menu_typo_spacing_mobile":0,"ocean_menu_typo_spacing_unit":"","ocean_menu_link_color":"","ocean_menu_link_color_hover":"","ocean_menu_link_color_active":"","ocean_menu_link_background":"","ocean_menu_link_hover_background":"","ocean_menu_link_active_background":"","ocean_menu_social_links_bg":"","ocean_menu_social_hover_links_bg":"","ocean_menu_social_links_color":"","ocean_menu_social_hover_links_color":"","ocean_disable_title":"on","ocean_disable_heading":"default","ocean_post_title":"","ocean_post_subheading":"","ocean_post_title_style":"","ocean_post_title_background_color":"","ocean_post_title_background":0,"ocean_post_title_bg_image_position":"","ocean_post_title_bg_image_attachment":"","ocean_post_title_bg_image_repeat":"","ocean_post_title_bg_image_size":"","ocean_post_title_height":0,"ocean_post_title_bg_overlay":0.5,"ocean_post_title_bg_overlay_color":"","ocean_disable_breadcrumbs":"default","ocean_breadcrumbs_color":"","ocean_breadcrumbs_separator_color":"","ocean_breadcrumbs_links_color":"","ocean_breadcrumbs_links_hover_color":"","ocean_display_footer_widgets":"off","ocean_display_footer_bottom":"off","ocean_custom_footer_template":"","footnotes":""},"class_list":["post-18","page","type-page","status-publish","hentry","entry"],"aioseo_notices":[],"_links":{"self":[{"href":"https:\/\/pietraspogrzeby.pl\/index.php\/wp-json\/wp\/v2\/pages\/18","targetHints":{"allow":["GET"]}}],"collection":[{"href":"https:\/\/pietraspogrzeby.pl\/index.php\/wp-json\/wp\/v2\/pages"}],"about":[{"href":"https:\/\/pietraspogrzeby.pl\/index.php\/wp-json\/wp\/v2\/types\/page"}],"author":[{"embeddable":true,"href":"https:\/\/pietraspogrzeby.pl\/index.php\/wp-json\/wp\/v2\/users\/1"}],"replies":[{"embeddable":true,"href":"https:\/\/pietraspogrzeby.pl\/index.php\/wp-json\/wp\/v2\/comments?post=18"}],"version-history":[{"count":47,"href":"https:\/\/pietraspogrzeby.pl\/index.php\/wp-json\/wp\/v2\/pages\/18\/revisions"}],"predecessor-version":[{"id":126,"href":"https:\/\/pietraspogrzeby.pl\/index.php\/wp-json\/wp\/v2\/pages\/18\/revisions\/126"}],"wp:attachment":[{"href":"https:\/\/pietraspogrzeby.pl\/index.php\/wp-json\/wp\/v2\/media?parent=18"}],"curies":[{"name":"wp","href":"https:\/\/api.w.org\/{rel}","templated":true}]}}